{"id":23392,"date":"2023-08-31T09:08:01","date_gmt":"2023-08-31T09:08:01","guid":{"rendered":"https:\/\/udsenterprise.com\/accessibility-statement\/"},"modified":"2023-08-31T14:49:29","modified_gmt":"2023-08-31T14:49:29","slug":"accessibility-statement","status":"publish","type":"page","link":"https:\/\/udsenterprise.com\/en\/accessibility-statement\/","title":{"rendered":"Accessibility Statement"},"content":{"rendered":"<p>[et_pb_section fb_built=&#8221;1&#8243; _builder_version=&#8221;4.16&#8243; global_colors_info=&#8221;{}&#8221;][et_pb_row _builder_version=&#8221;4.16&#8243; background_size=&#8221;initial&#8221; background_position=&#8221;top_left&#8221; background_repeat=&#8221;repeat&#8221; global_colors_info=&#8221;{}&#8221;][et_pb_column type=&#8221;4_4&#8243; _builder_version=&#8221;4.16&#8243; custom_padding=&#8221;|||&#8221; global_colors_info=&#8221;{}&#8221; custom_padding__hover=&#8221;|||&#8221;][et_pb_text _builder_version=&#8221;4.22.1&#8243; text_text_color=&#8221;#000000&#8243; header_font=&#8221;|||on|||||&#8221; header_2_font=&#8221;|||on|||||&#8221; header_2_text_color=&#8221;#000000&#8243; header_3_text_color=&#8221;#000000&#8243; header_4_text_color=&#8221;#000000&#8243; background_size=&#8221;initial&#8221; background_position=&#8221;top_left&#8221; background_repeat=&#8221;repeat&#8221; global_colors_info=&#8221;{}&#8221;]<\/p>\n<h1>Accessibility Statement<\/h1>\n<p>&nbsp;<\/p>\n<p>Virtual Cable has committed to making its website accessible, in accordance with the <a href=\"https:\/\/www.boe.es\/eli\/es\/rd\/2018\/09\/07\/1112\" target=\"_blank\" rel=\"nofollow\">Spanish Royal Decree 1112\/2018, of September 7, on the accessibility of websites and applications for mobile devices in the public sector.<\/a>.<\/p>\n<p>This accessibility statement applies to https:\/\/udsenterprise.com\/<\/p>\n<h4>COMPLIANCE STATUS<\/h4>\n<p>This website is <strong>fully in accordance<\/strong> with RD 1112\/2018.<\/p>\n<h4>CONTENT NOT ACCESSIBLE<\/h4>\n<p>All content is accessible.<\/p>\n<h4>PREPARATION OF THIS STATEMENT OF ACCESSIBILITY<\/h4>\n<p>This statement was prepared on August 28, 2023.<\/p>\n<p>The method used to prepare the statement has been an evaluation carried out by Virtual Cable specialists.<\/p>\n<h4>OBSERVATIONS AND CONTACT DETAILS<\/h4>\n<p>You can make communications about accessibility requirements (article 10.2.a) of RD 1112\/2018) such as:<\/p>\n<ul>\n<li>Report any possible breach by this website<\/li>\n<li>Convey other content access difficulties<\/li>\n<li>Formulate any other query or suggestion for improvement related to the accessibility of the website through info@virtualcable.net or in our contact form at <a href=\"https:\/\/virtualcable.net\/contacto\/\" target=\"_blank\" rel=\"nofollow\">https:\/\/virtualcable.net\/en\/contact\/<\/a><\/li>\n<\/ul>\n<p>You can present:<\/p>\n<ul>\n<li>A claim regarding compliance with the requirements of RD 1112\/2018 or<\/li>\n<li>A request for accessible information regarding:<\/li>\n<\/ul>\n<ol>\n<li>Contents that are excluded from the scope of application of RD 1112\/2018 as established by article 3, section 4.<\/li>\n<li>Content that is exempt from compliance with accessibility requirements because it imposes a disproportionate burden.<\/li>\n<\/ol>\n<p>The request for accessible information must clearly specify the facts, reasons and request that make it possible to verify that it is a reasonable and legitimate request.<\/p>\n<p>Communications, complaints and requests for accessible information will be received and processed by Virtual Cable.<\/p>\n<h4>APPLICATION PROCEDURE<\/h4>\n<p>In the event that the requests are not met, you can direct a communication to <a href=\"mailto:info@virtualcable.net\" target=\"_blank\" rel=\"nofollow\">info@virtualcable.net<\/a>, addressed in attention to the Management of the organization.<\/p>\n<p>&nbsp;<\/p>\n<p>&nbsp;<\/p>\n<p>[\/et_pb_text][\/et_pb_column][\/et_pb_row][\/et_pb_section]<\/p>\n","protected":false},"excerpt":{"rendered":"<p>Accessibility Statement &nbsp; Virtual Cable has committed to making its website accessible, in accordance with the Spanish Royal Decree 1112\/2018, of September 7, on the accessibility of websites and applications for mobile devices in the public sector.. This accessibility statement applies to https:\/\/udsenterprise.com\/ COMPLIANCE STATUS This website is fully in accordance with RD 1112\/2018. CONTENT [&hellip;]<\/p>\n","protected":false},"author":1,"featured_media":0,"parent":0,"menu_order":0,"comment_status":"closed","ping_status":"closed","template":"","meta":{"_acf_changed":false,"_et_pb_use_builder":"on","_et_pb_old_content":"","_et_gb_content_width":"","footnotes":""},"class_list":["post-23392","page","type-page","status-publish","hentry"],"acf":[],"yoast_head":"<!-- This site is optimized with the Yoast SEO Premium plugin v27.4 (Yoast SEO v27.4) - https:\/\/yoast.com\/product\/yoast-seo-premium-wordpress\/ -->\n<title>Accessibility Statement | UDS Enterprise<\/title>\n<meta name=\"robots\" content=\"index, follow, max-snippet:-1, max-image-preview:large, max-video-preview:-1\" \/>\n<link rel=\"canonical\" href=\"https:\/\/udsenterprise.com\/en\/accessibility-statement\/\" \/>\n<meta property=\"og:locale\" content=\"en_US\" \/>\n<meta property=\"og:type\" content=\"article\" \/>\n<meta property=\"og:title\" content=\"Accessibility Statement\" \/>\n<meta property=\"og:description\" content=\"Accessibility Statement &nbsp; Virtual Cable has committed to making its website accessible, in accordance with the Spanish Royal Decree 1112\/2018, of September 7, on the accessibility of websites and applications for mobile devices in the public sector.. This accessibility statement applies to https:\/\/udsenterprise.com\/ COMPLIANCE STATUS This website is fully in accordance with RD 1112\/2018. CONTENT [&hellip;]\" \/>\n<meta property=\"og:site_name\" content=\"UDS Enterprise\" \/>\n<meta property=\"article:modified_time\" content=\"2023-08-31T14:49:29+00:00\" \/>\n<meta property=\"og:image\" content=\"https:\/\/udsenterprise.com\/wp-content\/uploads\/2022\/11\/img-logotipo-top-udsenterprise.png\" \/>\n\t<meta property=\"og:image:width\" content=\"168\" \/>\n\t<meta property=\"og:image:height\" content=\"113\" \/>\n\t<meta property=\"og:image:type\" content=\"image\/png\" \/>\n<meta name=\"twitter:card\" content=\"summary_large_image\" \/>\n<meta name=\"twitter:site\" content=\"@VirtualCable_\" \/>\n<meta name=\"twitter:label1\" content=\"Est. reading time\" \/>\n\t<meta name=\"twitter:data1\" content=\"2 minutes\" \/>\n<script type=\"application\/ld+json\" class=\"yoast-schema-graph\">{\"@context\":\"https:\\\/\\\/schema.org\",\"@graph\":[{\"@type\":\"WebPage\",\"@id\":\"https:\\\/\\\/udsenterprise.com\\\/en\\\/accessibility-statement\\\/\",\"url\":\"https:\\\/\\\/udsenterprise.com\\\/en\\\/accessibility-statement\\\/\",\"name\":\"Accessibility Statement | UDS Enterprise\",\"isPartOf\":{\"@id\":\"https:\\\/\\\/udsenterprise.com\\\/en\\\/#website\"},\"datePublished\":\"2023-08-31T09:08:01+00:00\",\"dateModified\":\"2023-08-31T14:49:29+00:00\",\"breadcrumb\":{\"@id\":\"https:\\\/\\\/udsenterprise.com\\\/en\\\/accessibility-statement\\\/#breadcrumb\"},\"inLanguage\":\"en-US\",\"potentialAction\":[{\"@type\":\"ReadAction\",\"target\":[\"https:\\\/\\\/udsenterprise.com\\\/en\\\/accessibility-statement\\\/\"]}]},{\"@type\":\"BreadcrumbList\",\"@id\":\"https:\\\/\\\/udsenterprise.com\\\/en\\\/accessibility-statement\\\/#breadcrumb\",\"itemListElement\":[{\"@type\":\"ListItem\",\"position\":1,\"name\":\"Home\",\"item\":\"https:\\\/\\\/udsenterprise.com\\\/en\\\/\"},{\"@type\":\"ListItem\",\"position\":2,\"name\":\"Accessibility Statement\"}]},{\"@type\":\"WebSite\",\"@id\":\"https:\\\/\\\/udsenterprise.com\\\/en\\\/#website\",\"url\":\"https:\\\/\\\/udsenterprise.com\\\/en\\\/\",\"name\":\"UDS Enterprise\",\"description\":\"UDS Enterprise es una soluci\u00f3n segura y flexible para virtualizaci\u00f3n de escritorios y acceso remoto, compatible con Windows, Linux y macOS.\",\"publisher\":{\"@id\":\"https:\\\/\\\/udsenterprise.com\\\/en\\\/#organization\"},\"alternateName\":\"UDS Enterprise\",\"potentialAction\":[{\"@type\":\"SearchAction\",\"target\":{\"@type\":\"EntryPoint\",\"urlTemplate\":\"https:\\\/\\\/udsenterprise.com\\\/en\\\/?s={search_term_string}\"},\"query-input\":{\"@type\":\"PropertyValueSpecification\",\"valueRequired\":true,\"valueName\":\"search_term_string\"}}],\"inLanguage\":\"en-US\"},{\"@type\":\"Organization\",\"@id\":\"https:\\\/\\\/udsenterprise.com\\\/en\\\/#organization\",\"name\":\"UDS Enterprise\",\"alternateName\":\"UDS Enterprise\",\"url\":\"https:\\\/\\\/udsenterprise.com\\\/en\\\/\",\"logo\":{\"@type\":\"ImageObject\",\"inLanguage\":\"en-US\",\"@id\":\"https:\\\/\\\/udsenterprise.com\\\/en\\\/#\\\/schema\\\/logo\\\/image\\\/\",\"url\":\"https:\\\/\\\/udsenterprise.com\\\/wp-content\\\/uploads\\\/2023\\\/05\\\/img-logotipo-top-00-udsenterprise.jpg\",\"contentUrl\":\"https:\\\/\\\/udsenterprise.com\\\/wp-content\\\/uploads\\\/2023\\\/05\\\/img-logotipo-top-00-udsenterprise.jpg\",\"width\":300,\"height\":202,\"caption\":\"UDS Enterprise\"},\"image\":{\"@id\":\"https:\\\/\\\/udsenterprise.com\\\/en\\\/#\\\/schema\\\/logo\\\/image\\\/\"},\"sameAs\":[\"https:\\\/\\\/x.com\\\/VirtualCable_\",\"https:\\\/\\\/es.linkedin.com\\\/company\\\/virtualcable\",\"https:\\\/\\\/www.youtube.com\\\/@UDSEnterprise\"],\"description\":\"Virtual Cable es una empresa espa\u00f1ola especializada en soluciones de virtualizaci\u00f3n del puesto de trabajo. Su producto estrella, UDS Enterprise, es un broker de conexiones multiplataforma que permite la administraci\u00f3n y despliegue de escritorios virtuales Windows y Linux, la virtualizaci\u00f3n de aplicaciones y el acceso remoto a equipos f\u00edsicos con sistemas operativos Windows, Linux y macOS\"}]}<\/script>\n<!-- \/ Yoast SEO Premium plugin. -->","yoast_head_json":{"title":"Accessibility Statement | UDS Enterprise","robots":{"index":"index","follow":"follow","max-snippet":"max-snippet:-1","max-image-preview":"max-image-preview:large","max-video-preview":"max-video-preview:-1"},"canonical":"https:\/\/udsenterprise.com\/en\/accessibility-statement\/","og_locale":"en_US","og_type":"article","og_title":"Accessibility Statement","og_site_name":"UDS Enterprise","article_modified_time":"2023-08-31T14:49:29+00:00","og_image":[{"width":168,"height":113,"url":"https:\/\/udsenterprise.com\/wp-content\/uploads\/2022\/11\/img-logotipo-top-udsenterprise.png","type":"image\/png"}],"twitter_card":"summary_large_image","twitter_site":"@VirtualCable_","twitter_misc":{"Est. reading time":"2 minutes"},"schema":{"@context":"https:\/\/schema.org","@graph":[{"@type":"WebPage","@id":"https:\/\/udsenterprise.com\/en\/accessibility-statement\/","url":"https:\/\/udsenterprise.com\/en\/accessibility-statement\/","name":"Accessibility Statement | UDS Enterprise","isPartOf":{"@id":"https:\/\/udsenterprise.com\/en\/#website"},"datePublished":"2023-08-31T09:08:01+00:00","dateModified":"2023-08-31T14:49:29+00:00","breadcrumb":{"@id":"https:\/\/udsenterprise.com\/en\/accessibility-statement\/#breadcrumb"},"inLanguage":"en-US","potentialAction":[{"@type":"ReadAction","target":["https:\/\/udsenterprise.com\/en\/accessibility-statement\/"]}]},{"@type":"BreadcrumbList","@id":"https:\/\/udsenterprise.com\/en\/accessibility-statement\/#breadcrumb","itemListElement":[{"@type":"ListItem","position":1,"name":"Home","item":"https:\/\/udsenterprise.com\/en\/"},{"@type":"ListItem","position":2,"name":"Accessibility Statement"}]},{"@type":"WebSite","@id":"https:\/\/udsenterprise.com\/en\/#website","url":"https:\/\/udsenterprise.com\/en\/","name":"UDS Enterprise","description":"UDS Enterprise es una soluci\u00f3n segura y flexible para virtualizaci\u00f3n de escritorios y acceso remoto, compatible con Windows, Linux y macOS.","publisher":{"@id":"https:\/\/udsenterprise.com\/en\/#organization"},"alternateName":"UDS Enterprise","potentialAction":[{"@type":"SearchAction","target":{"@type":"EntryPoint","urlTemplate":"https:\/\/udsenterprise.com\/en\/?s={search_term_string}"},"query-input":{"@type":"PropertyValueSpecification","valueRequired":true,"valueName":"search_term_string"}}],"inLanguage":"en-US"},{"@type":"Organization","@id":"https:\/\/udsenterprise.com\/en\/#organization","name":"UDS Enterprise","alternateName":"UDS Enterprise","url":"https:\/\/udsenterprise.com\/en\/","logo":{"@type":"ImageObject","inLanguage":"en-US","@id":"https:\/\/udsenterprise.com\/en\/#\/schema\/logo\/image\/","url":"https:\/\/udsenterprise.com\/wp-content\/uploads\/2023\/05\/img-logotipo-top-00-udsenterprise.jpg","contentUrl":"https:\/\/udsenterprise.com\/wp-content\/uploads\/2023\/05\/img-logotipo-top-00-udsenterprise.jpg","width":300,"height":202,"caption":"UDS Enterprise"},"image":{"@id":"https:\/\/udsenterprise.com\/en\/#\/schema\/logo\/image\/"},"sameAs":["https:\/\/x.com\/VirtualCable_","https:\/\/es.linkedin.com\/company\/virtualcable","https:\/\/www.youtube.com\/@UDSEnterprise"],"description":"Virtual Cable es una empresa espa\u00f1ola especializada en soluciones de virtualizaci\u00f3n del puesto de trabajo. Su producto estrella, UDS Enterprise, es un broker de conexiones multiplataforma que permite la administraci\u00f3n y despliegue de escritorios virtuales Windows y Linux, la virtualizaci\u00f3n de aplicaciones y el acceso remoto a equipos f\u00edsicos con sistemas operativos Windows, Linux y macOS"}]}},"_links":{"self":[{"href":"https:\/\/udsenterprise.com\/en\/wp-json\/wp\/v2\/pages\/23392","targetHints":{"allow":["GET"]}}],"collection":[{"href":"https:\/\/udsenterprise.com\/en\/wp-json\/wp\/v2\/pages"}],"about":[{"href":"https:\/\/udsenterprise.com\/en\/wp-json\/wp\/v2\/types\/page"}],"author":[{"embeddable":true,"href":"https:\/\/udsenterprise.com\/en\/wp-json\/wp\/v2\/users\/1"}],"replies":[{"embeddable":true,"href":"https:\/\/udsenterprise.com\/en\/wp-json\/wp\/v2\/comments?post=23392"}],"version-history":[{"count":0,"href":"https:\/\/udsenterprise.com\/en\/wp-json\/wp\/v2\/pages\/23392\/revisions"}],"wp:attachment":[{"href":"https:\/\/udsenterprise.com\/en\/wp-json\/wp\/v2\/media?parent=23392"}],"curies":[{"name":"wp","href":"https:\/\/api.w.org\/{rel}","templated":true}]}}