{"id":31236,"date":"2023-10-04T14:50:57","date_gmt":"2023-10-04T14:50:57","guid":{"rendered":"https:\/\/udsenterprise.com\/hot-news\/uds-in-the-media\/"},"modified":"2025-07-09T09:14:07","modified_gmt":"2025-07-09T09:14:07","slug":"uds-in-the-media","status":"publish","type":"page","link":"https:\/\/udsenterprise.com\/en\/hot-news\/uds-in-the-media\/","title":{"rendered":"UDS in the Media"},"content":{"rendered":"<p>[et_pb_section fb_built=&#8221;1&#8243; custom_padding_last_edited=&#8221;on|phone&#8221; _builder_version=&#8221;4.22.1&#8243; _module_preset=&#8221;default&#8221; background_enable_color=&#8221;off&#8221; background_image=&#8221;https:\/\/udsenterprise.com\/wp-content\/uploads\/2023\/09\/img-fondo-medios-actualidad-udsenterprise-1.jpg&#8221; background_position=&#8221;bottom_center&#8221; custom_margin=&#8221;0px||||false|false&#8221; custom_padding=&#8221;10px||0px||false|false&#8221; custom_padding_tablet=&#8221;10px||0px||false|false&#8221; custom_padding_phone=&#8221;5px||||false|false&#8221; animation_style=&#8221;fade&#8221; background_last_edited=&#8221;on|phone&#8221; background_enable_color_tablet=&#8221;off&#8221; background_enable_color_phone=&#8221;off&#8221; background_position_phone=&#8221;bottom_center&#8221; background_vertical_offset_phone=&#8221;0%&#8221; background_blend_tablet=&#8221;normal&#8221; background_blend_phone=&#8221;normal&#8221; locked=&#8221;off&#8221; global_colors_info=&#8221;{}&#8221;][et_pb_row make_equal=&#8221;on&#8221; _builder_version=&#8221;4.21.0&#8243; _module_preset=&#8221;default&#8221; width=&#8221;90%&#8221; width_tablet=&#8221;90%&#8221; width_phone=&#8221;80%&#8221; width_last_edited=&#8221;on|phone&#8221; max_width=&#8221;90%&#8221; max_width_tablet=&#8221;90%&#8221; max_width_phone=&#8221;80%&#8221; max_width_last_edited=&#8221;on|phone&#8221; custom_margin=&#8221;50px|auto|12%|auto|false|false&#8221; custom_margin_tablet=&#8221;10px||15%||false|false&#8221; custom_margin_phone=&#8221;0px||50px||false|false&#8221; custom_margin_last_edited=&#8221;on|phone&#8221; global_colors_info=&#8221;{}&#8221;][et_pb_column type=&#8221;4_4&#8243; _builder_version=&#8221;4.17.3&#8243; _module_preset=&#8221;default&#8221; global_colors_info=&#8221;{}&#8221;][et_pb_text _builder_version=&#8221;4.22.1&#8243; _module_preset=&#8221;default&#8221; header_text_color=&#8221;#5b6670&#8243; header_font_size=&#8221;33px&#8221; header_2_text_color=&#8221;#5b6670&#8243; header_2_font_size=&#8221;70px&#8221; header_2_line_height=&#8221;0.8em&#8221; width_tablet=&#8221;630px&#8221; width_phone=&#8221;100%&#8221; width_last_edited=&#8221;off|desktop&#8221; custom_margin_tablet=&#8221;||10px||false|false&#8221; custom_margin_phone=&#8221;||0px||false|false&#8221; custom_margin_last_edited=&#8221;off|desktop&#8221; custom_padding=&#8221;||||false|false&#8221; header_font_size_tablet=&#8221;35px&#8221; header_font_size_phone=&#8221;25px&#8221; header_font_size_last_edited=&#8221;on|phone&#8221; header_2_text_color_tablet=&#8221;#5b6670&#8243; header_2_text_color_phone=&#8221;#5b6670&#8243; header_2_text_color_last_edited=&#8221;off|tablet&#8221; header_2_font_size_tablet=&#8221;50px&#8221; header_2_font_size_phone=&#8221;35px&#8221; header_2_font_size_last_edited=&#8221;on|tablet&#8221; header_2_line_height_tablet=&#8221;0.7em&#8221; header_2_line_height_phone=&#8221;0.5em&#8221; header_2_line_height_last_edited=&#8221;on|desktop&#8221; global_colors_info=&#8221;{}&#8221; width__hover_enabled=&#8221;off|desktop&#8221;]<\/p>\n<h2 style=\"text-align: center;\">UDS<\/h2>\n<p><\/p>\n<h1 style=\"text-align: center;\">in the media<\/h1>\n<p>[\/et_pb_text][\/et_pb_column][\/et_pb_row][et_pb_row custom_padding_last_edited=&#8221;on|phone&#8221; _builder_version=&#8221;4.17.3&#8243; _module_preset=&#8221;default&#8221; z_index=&#8221;0&#8243; width=&#8221;100%&#8221; max_width=&#8221;100%&#8221; custom_margin=&#8221;0px|auto|0px|auto|true|false&#8221; custom_padding=&#8221;0px|5%|0px|5%|true|true&#8221; custom_padding_tablet=&#8221;||||false&#8221; custom_padding_phone=&#8221;0px|0px||0px|false|true&#8221; global_module=&#8221;675&#8243; saved_tabs=&#8221;all&#8221; locked=&#8221;off&#8221; global_colors_info=&#8221;{}&#8221;][et_pb_column type=&#8221;4_4&#8243; _builder_version=&#8221;4.17.1&#8243; _module_preset=&#8221;default&#8221; global_colors_info=&#8221;{}&#8221;][et_pb_button button_url=&#8221;https:\/\/virtualcable.net\/partners\/hagase-vc-partner\/&#8221; url_new_window=&#8221;on&#8221; button_text=&#8221;Become a VC partner&#8221; button_alignment=&#8221;left&#8221; _builder_version=&#8221;4.20.4&#8243; _module_preset=&#8221;default&#8221; custom_button=&#8221;on&#8221; button_text_size=&#8221;18px&#8221; button_text_color=&#8221;#ffffff&#8221; button_bg_color=&#8221;#8fcc14&#8243; button_border_width=&#8221;0px&#8221; button_border_radius=&#8221;0px&#8221; button_icon=&#8221;&#x24;||divi||400&#8243; button_on_hover=&#8221;off&#8221; positioning=&#8221;absolute&#8221; position_origin_a=&#8221;bottom_left&#8221; horizontal_offset=&#8221;272px&#8221; horizontal_offset_tablet=&#8221;273px&#8221; horizontal_offset_phone=&#8221;134px&#8221; horizontal_offset_last_edited=&#8221;on|phone&#8221; custom_margin=&#8221;||0px||false|false&#8221; custom_padding=&#8221;||||false|false&#8221; button_text_size_tablet=&#8221;18px&#8221; button_text_size_phone=&#8221;13px&#8221; button_text_size_last_edited=&#8221;on|phone&#8221; button_icon_tablet=&#8221;$||divi||400&#8243; button_icon_phone=&#8221;5||divi||400&#8243; button_icon_last_edited=&#8221;on|phone&#8221; global_colors_info=&#8221;{}&#8221; button_bg_color__hover_enabled=&#8221;on|hover&#8221; button_bg_color__hover=&#8221;rgba(143,204,20,0.6)&#8221; button_bg_enable_color__hover=&#8221;on&#8221;][\/et_pb_button][et_pb_button button_url=&#8221;https:\/\/virtualcable.net\/contacto\/&#8221; url_new_window=&#8221;on&#8221; button_text=&#8221;Contact us&#8221; button_alignment=&#8221;left&#8221; _builder_version=&#8221;4.20.4&#8243; _module_preset=&#8221;default&#8221; custom_button=&#8221;on&#8221; button_text_size=&#8221;18px&#8221; button_text_color=&#8221;#ffffff&#8221; button_bg_color=&#8221;#5b6670&#8243; button_border_width=&#8221;0px&#8221; button_border_radius=&#8221;0px&#8221; button_icon=&#8221;&#x24;||divi||400&#8243; button_on_hover=&#8221;off&#8221; positioning=&#8221;absolute&#8221; position_origin_a=&#8221;bottom_left&#8221; horizontal_offset=&#8221;492px&#8221; horizontal_offset_tablet=&#8221;492px&#8221; horizontal_offset_phone=&#8221;283px&#8221; horizontal_offset_last_edited=&#8221;on|phone&#8221; custom_margin=&#8221;||0px||false|false&#8221; custom_padding=&#8221;||||false|false&#8221; button_text_size_tablet=&#8221;18px&#8221; button_text_size_phone=&#8221;13px&#8221; button_text_size_last_edited=&#8221;on|phone&#8221; button_icon_tablet=&#8221;$||divi||400&#8243; button_icon_phone=&#8221;5||divi||400&#8243; button_icon_last_edited=&#8221;on|phone&#8221; global_colors_info=&#8221;{}&#8221; button_bg_color__hover_enabled=&#8221;on|hover&#8221; button_bg_color__hover=&#8221;rgba(91,102,112,0.6)&#8221; button_bg_enable_color__hover=&#8221;on&#8221;][\/et_pb_button][et_pb_button button_url=&#8221;https:\/\/virtualcable.net\/soluciones-vdi\/descargas-demo\/&#8221; url_new_window=&#8221;on&#8221; button_text=&#8221;Try our software&#8221; button_alignment=&#8221;left&#8221; disabled_on=&#8221;on|off|off&#8221; _builder_version=&#8221;4.20.4&#8243; _module_preset=&#8221;default&#8221; custom_button=&#8221;on&#8221; button_text_size=&#8221;18px&#8221; button_text_color=&#8221;#ffffff&#8221; button_bg_color=&#8221;#0f218b&#8221; button_border_width=&#8221;0px&#8221; button_border_radius=&#8221;0px&#8221; button_icon=&#8221;&#x24;||divi||400&#8243; button_on_hover=&#8221;off&#8221; positioning=&#8221;absolute&#8221; position_origin_a=&#8221;bottom_left&#8221; custom_margin=&#8221;||0px||false|false&#8221; custom_padding=&#8221;||||false|false&#8221; button_text_size_tablet=&#8221;18px&#8221; button_text_size_phone=&#8221;14px&#8221; button_text_size_last_edited=&#8221;on|phone&#8221; global_colors_info=&#8221;{}&#8221; button_bg_color__hover_enabled=&#8221;on|desktop&#8221; button_bg_color__hover=&#8221;rgba(15,33,139,0.6)&#8221; button_bg_enable_color__hover=&#8221;on&#8221;][\/et_pb_button][et_pb_button button_url=&#8221;https:\/\/virtualcable.net\/soluciones-vdi\/descargas-demo\/&#8221; url_new_window=&#8221;on&#8221; button_text=&#8221;Try our software&#8221; button_alignment=&#8221;left&#8221; disabled_on=&#8221;off|on|on&#8221; _builder_version=&#8221;4.20.4&#8243; _module_preset=&#8221;default&#8221; custom_button=&#8221;on&#8221; button_text_size=&#8221;18px&#8221; button_text_color=&#8221;#ffffff&#8221; button_bg_color=&#8221;#0f218b&#8221; button_border_width=&#8221;0px&#8221; button_border_radius=&#8221;0px&#8221; button_icon=&#8221;&#x24;||divi||400&#8243; button_on_hover=&#8221;off&#8221; positioning=&#8221;absolute&#8221; position_origin_a=&#8221;bottom_left&#8221; custom_margin=&#8221;||0px||false|false&#8221; custom_padding=&#8221;||||false|false&#8221; button_text_size_tablet=&#8221;18px&#8221; button_text_size_phone=&#8221;13px&#8221; button_text_size_last_edited=&#8221;on|phone&#8221; button_icon_tablet=&#8221;$||divi||400&#8243; button_icon_phone=&#8221;5||divi||400&#8243; button_icon_last_edited=&#8221;on|phone&#8221; global_colors_info=&#8221;{}&#8221; button_bg_color__hover_enabled=&#8221;on|desktop&#8221; button_bg_color__hover=&#8221;rgba(15,33,139,0.6)&#8221; button_bg_enable_color__hover=&#8221;on&#8221;][\/et_pb_button][\/et_pb_column][\/et_pb_row][\/et_pb_section][et_pb_section fb_built=&#8221;1&#8243; _builder_version=&#8221;4.21.0&#8243; _module_preset=&#8221;default&#8221; custom_padding=&#8221;90px|||||&#8221; global_colors_info=&#8221;{}&#8221;][et_pb_row use_custom_gutter=&#8221;on&#8221; gutter_width=&#8221;1&#8243; _builder_version=&#8221;4.21.0&#8243; _module_preset=&#8221;default&#8221; max_width=&#8221;80%&#8221; global_colors_info=&#8221;{}&#8221;][et_pb_column type=&#8221;4_4&#8243; _builder_version=&#8221;4.21.0&#8243; _module_preset=&#8221;default&#8221; global_colors_info=&#8221;{}&#8221;][et_pb_de_mach_archive_loop post_type_choose=&#8221;medios_uds&#8221; loop_layout=&#8221;30596&#8243; no_posts_layout=&#8221;16248&#8243; order_asc_desc=&#8221;DESC&#8221; enable_loadmore=&#8221;infinite&#8221; grid_layout=&#8221;masonry&#8221; columns=&#8221;3&#8243; custom_gutter_width=&#8221;on&#8221; gutter_row_gap=&#8221;20px&#8221; gutter_row_column=&#8221;0px&#8221; excerpt_length=&#8221;120&#8243; _builder_version=&#8221;4.22.1&#8243; _module_preset=&#8221;default&#8221; custom_button=&#8221;on&#8221; button_text_size=&#8221;14px&#8221; button_text_color=&#8221;#666666&#8243; button_border_width=&#8221;1px&#8221; button_border_color=&#8221;#666666&#8243; button_use_icon=&#8221;off&#8221; hover_enabled=&#8221;0&#8243; global_colors_info=&#8221;{}&#8221; button_border_color__hover_enabled=&#8221;on|hover&#8221; button_border_color__hover=&#8221;rgba(162,169,173,0.5)&#8221; sticky_enabled=&#8221;0&#8243;][\/et_pb_de_mach_archive_loop][\/et_pb_column][\/et_pb_row][\/et_pb_section]<\/p>\n","protected":false},"excerpt":{"rendered":"<p>Discover the insights from leading experts in the industry who are talking about UDS Enterprise, highlighting and praising the great value of all our VDI solutions.<\/p>\n","protected":false},"author":1,"featured_media":30585,"parent":23439,"menu_order":0,"comment_status":"closed","ping_status":"closed","template":"","meta":{"_acf_changed":false,"_et_pb_use_builder":"on","_et_pb_old_content":"","_et_gb_content_width":"","footnotes":""},"class_list":["post-31236","page","type-page","status-publish","has-post-thumbnail","hentry"],"acf":[],"yoast_head":"<!-- This site is optimized with the Yoast SEO Premium plugin v27.1 (Yoast SEO v27.1.1) - https:\/\/yoast.com\/product\/yoast-seo-premium-wordpress\/ -->\n<title>UDS in the top IT and VDI media | UDS Enterprise<\/title>\n<meta name=\"description\" content=\"The insights from leading experts in the industry who are talking about UDS Enterprise, highlighting and praising the great value of all our VDI solutions.\" \/>\n<meta name=\"robots\" content=\"index, follow, max-snippet:-1, max-image-preview:large, max-video-preview:-1\" \/>\n<link rel=\"canonical\" href=\"https:\/\/udsenterprise.com\/en\/hot-news\/uds-in-the-media\/\" \/>\n<meta property=\"og:locale\" content=\"en_US\" \/>\n<meta property=\"og:type\" content=\"article\" \/>\n<meta property=\"og:title\" content=\"UDS in the top IT and VDI media | UDS Enterprise\" \/>\n<meta property=\"og:description\" content=\"The insights from leading experts in the industry who are talking about UDS Enterprise, highlighting and praising the great value of all our VDI solutions.\" \/>\n<meta property=\"og:site_name\" content=\"UDS Enterprise\" \/>\n<meta property=\"article:modified_time\" content=\"2025-07-09T09:14:07+00:00\" \/>\n<meta property=\"og:image\" content=\"https:\/\/udsenterprise.com\/wp-content\/uploads\/2023\/09\/img-fondo-medios-actualidad-udsenterprise-1.jpg\" \/>\n\t<meta property=\"og:image:width\" content=\"1900\" \/>\n\t<meta property=\"og:image:height\" content=\"512\" \/>\n\t<meta property=\"og:image:type\" content=\"image\/jpeg\" \/>\n<meta name=\"twitter:card\" content=\"summary_large_image\" \/>\n<meta name=\"twitter:title\" content=\"UDS in the Media\" \/>\n<meta name=\"twitter:description\" content=\"The insights from leading experts in the industry who are talking about UDS Enterprise, highlighting and praising the great value of all our VDI solutions.\" \/>\n<meta name=\"twitter:site\" content=\"@VirtualCable_\" \/>\n<meta name=\"twitter:label1\" content=\"Est. reading time\" \/>\n\t<meta name=\"twitter:data1\" content=\"5 minutes\" \/>\n<script type=\"application\/ld+json\" class=\"yoast-schema-graph\">{\"@context\":\"https:\/\/schema.org\",\"@graph\":[{\"@type\":\"WebPage\",\"@id\":\"https:\/\/udsenterprise.com\/en\/hot-news\/uds-in-the-media\/\",\"url\":\"https:\/\/udsenterprise.com\/en\/hot-news\/uds-in-the-media\/\",\"name\":\"UDS in the top IT and VDI media | UDS Enterprise\",\"isPartOf\":{\"@id\":\"https:\/\/udsenterprise.com\/en\/#website\"},\"primaryImageOfPage\":{\"@id\":\"https:\/\/udsenterprise.com\/en\/hot-news\/uds-in-the-media\/#primaryimage\"},\"image\":{\"@id\":\"https:\/\/udsenterprise.com\/en\/hot-news\/uds-in-the-media\/#primaryimage\"},\"thumbnailUrl\":\"https:\/\/udsenterprise.com\/wp-content\/uploads\/2023\/09\/img-fondo-medios-actualidad-udsenterprise-1.jpg\",\"datePublished\":\"2023-10-04T14:50:57+00:00\",\"dateModified\":\"2025-07-09T09:14:07+00:00\",\"description\":\"The insights from leading experts in the industry who are talking about UDS Enterprise, highlighting and praising the great value of all our VDI solutions.\",\"breadcrumb\":{\"@id\":\"https:\/\/udsenterprise.com\/en\/hot-news\/uds-in-the-media\/#breadcrumb\"},\"inLanguage\":\"en-US\",\"potentialAction\":[{\"@type\":\"ReadAction\",\"target\":[\"https:\/\/udsenterprise.com\/en\/hot-news\/uds-in-the-media\/\"]}]},{\"@type\":\"ImageObject\",\"inLanguage\":\"en-US\",\"@id\":\"https:\/\/udsenterprise.com\/en\/hot-news\/uds-in-the-media\/#primaryimage\",\"url\":\"https:\/\/udsenterprise.com\/wp-content\/uploads\/2023\/09\/img-fondo-medios-actualidad-udsenterprise-1.jpg\",\"contentUrl\":\"https:\/\/udsenterprise.com\/wp-content\/uploads\/2023\/09\/img-fondo-medios-actualidad-udsenterprise-1.jpg\",\"width\":1900,\"height\":512},{\"@type\":\"BreadcrumbList\",\"@id\":\"https:\/\/udsenterprise.com\/en\/hot-news\/uds-in-the-media\/#breadcrumb\",\"itemListElement\":[{\"@type\":\"ListItem\",\"position\":1,\"name\":\"Home\",\"item\":\"https:\/\/udsenterprise.com\/en\/\"},{\"@type\":\"ListItem\",\"position\":2,\"name\":\"Hot News\",\"item\":\"https:\/\/udsenterprise.com\/en\/actualidad\/\"},{\"@type\":\"ListItem\",\"position\":3,\"name\":\"UDS in the Media\"}]},{\"@type\":\"WebSite\",\"@id\":\"https:\/\/udsenterprise.com\/en\/#website\",\"url\":\"https:\/\/udsenterprise.com\/en\/\",\"name\":\"UDS Enterprise\",\"description\":\"UDS Enterprise es una soluci\u00f3n segura y flexible para virtualizaci\u00f3n de escritorios y acceso remoto, compatible con Windows, Linux y macOS.\",\"publisher\":{\"@id\":\"https:\/\/udsenterprise.com\/en\/#organization\"},\"alternateName\":\"UDS Enterprise\",\"potentialAction\":[{\"@type\":\"SearchAction\",\"target\":{\"@type\":\"EntryPoint\",\"urlTemplate\":\"https:\/\/udsenterprise.com\/en\/?s={search_term_string}\"},\"query-input\":{\"@type\":\"PropertyValueSpecification\",\"valueRequired\":true,\"valueName\":\"search_term_string\"}}],\"inLanguage\":\"en-US\"},{\"@type\":\"Organization\",\"@id\":\"https:\/\/udsenterprise.com\/en\/#organization\",\"name\":\"UDS Enterprise\",\"alternateName\":\"UDS Enterprise\",\"url\":\"https:\/\/udsenterprise.com\/en\/\",\"logo\":{\"@type\":\"ImageObject\",\"inLanguage\":\"en-US\",\"@id\":\"https:\/\/udsenterprise.com\/en\/#\/schema\/logo\/image\/\",\"url\":\"https:\/\/udsenterprise.com\/wp-content\/uploads\/2023\/05\/img-logotipo-top-00-udsenterprise.jpg\",\"contentUrl\":\"https:\/\/udsenterprise.com\/wp-content\/uploads\/2023\/05\/img-logotipo-top-00-udsenterprise.jpg\",\"width\":300,\"height\":202,\"caption\":\"UDS Enterprise\"},\"image\":{\"@id\":\"https:\/\/udsenterprise.com\/en\/#\/schema\/logo\/image\/\"},\"sameAs\":[\"https:\/\/x.com\/VirtualCable_\",\"https:\/\/es.linkedin.com\/company\/virtualcable\",\"https:\/\/www.youtube.com\/@UDSEnterprise\"],\"description\":\"Virtual Cable es una empresa espa\u00f1ola especializada en soluciones de virtualizaci\u00f3n del puesto de trabajo. Su producto estrella, UDS Enterprise, es un broker de conexiones multiplataforma que permite la administraci\u00f3n y despliegue de escritorios virtuales Windows y Linux, la virtualizaci\u00f3n de aplicaciones y el acceso remoto a equipos f\u00edsicos con sistemas operativos Windows, Linux y macOS\"}]}<\/script>\n<!-- \/ Yoast SEO Premium plugin. -->","yoast_head_json":{"title":"UDS in the top IT and VDI media | UDS Enterprise","description":"The insights from leading experts in the industry who are talking about UDS Enterprise, highlighting and praising the great value of all our VDI solutions.","robots":{"index":"index","follow":"follow","max-snippet":"max-snippet:-1","max-image-preview":"max-image-preview:large","max-video-preview":"max-video-preview:-1"},"canonical":"https:\/\/udsenterprise.com\/en\/hot-news\/uds-in-the-media\/","og_locale":"en_US","og_type":"article","og_title":"UDS in the top IT and VDI media | UDS Enterprise","og_description":"The insights from leading experts in the industry who are talking about UDS Enterprise, highlighting and praising the great value of all our VDI solutions.","og_site_name":"UDS Enterprise","article_modified_time":"2025-07-09T09:14:07+00:00","og_image":[{"width":1900,"height":512,"url":"https:\/\/udsenterprise.com\/wp-content\/uploads\/2023\/09\/img-fondo-medios-actualidad-udsenterprise-1.jpg","type":"image\/jpeg"}],"twitter_card":"summary_large_image","twitter_title":"UDS in the Media","twitter_description":"The insights from leading experts in the industry who are talking about UDS Enterprise, highlighting and praising the great value of all our VDI solutions.","twitter_site":"@VirtualCable_","twitter_misc":{"Est. reading time":"5 minutes"},"schema":{"@context":"https:\/\/schema.org","@graph":[{"@type":"WebPage","@id":"https:\/\/udsenterprise.com\/en\/hot-news\/uds-in-the-media\/","url":"https:\/\/udsenterprise.com\/en\/hot-news\/uds-in-the-media\/","name":"UDS in the top IT and VDI media | UDS Enterprise","isPartOf":{"@id":"https:\/\/udsenterprise.com\/en\/#website"},"primaryImageOfPage":{"@id":"https:\/\/udsenterprise.com\/en\/hot-news\/uds-in-the-media\/#primaryimage"},"image":{"@id":"https:\/\/udsenterprise.com\/en\/hot-news\/uds-in-the-media\/#primaryimage"},"thumbnailUrl":"https:\/\/udsenterprise.com\/wp-content\/uploads\/2023\/09\/img-fondo-medios-actualidad-udsenterprise-1.jpg","datePublished":"2023-10-04T14:50:57+00:00","dateModified":"2025-07-09T09:14:07+00:00","description":"The insights from leading experts in the industry who are talking about UDS Enterprise, highlighting and praising the great value of all our VDI solutions.","breadcrumb":{"@id":"https:\/\/udsenterprise.com\/en\/hot-news\/uds-in-the-media\/#breadcrumb"},"inLanguage":"en-US","potentialAction":[{"@type":"ReadAction","target":["https:\/\/udsenterprise.com\/en\/hot-news\/uds-in-the-media\/"]}]},{"@type":"ImageObject","inLanguage":"en-US","@id":"https:\/\/udsenterprise.com\/en\/hot-news\/uds-in-the-media\/#primaryimage","url":"https:\/\/udsenterprise.com\/wp-content\/uploads\/2023\/09\/img-fondo-medios-actualidad-udsenterprise-1.jpg","contentUrl":"https:\/\/udsenterprise.com\/wp-content\/uploads\/2023\/09\/img-fondo-medios-actualidad-udsenterprise-1.jpg","width":1900,"height":512},{"@type":"BreadcrumbList","@id":"https:\/\/udsenterprise.com\/en\/hot-news\/uds-in-the-media\/#breadcrumb","itemListElement":[{"@type":"ListItem","position":1,"name":"Home","item":"https:\/\/udsenterprise.com\/en\/"},{"@type":"ListItem","position":2,"name":"Hot News","item":"https:\/\/udsenterprise.com\/en\/actualidad\/"},{"@type":"ListItem","position":3,"name":"UDS in the Media"}]},{"@type":"WebSite","@id":"https:\/\/udsenterprise.com\/en\/#website","url":"https:\/\/udsenterprise.com\/en\/","name":"UDS Enterprise","description":"UDS Enterprise es una soluci\u00f3n segura y flexible para virtualizaci\u00f3n de escritorios y acceso remoto, compatible con Windows, Linux y macOS.","publisher":{"@id":"https:\/\/udsenterprise.com\/en\/#organization"},"alternateName":"UDS Enterprise","potentialAction":[{"@type":"SearchAction","target":{"@type":"EntryPoint","urlTemplate":"https:\/\/udsenterprise.com\/en\/?s={search_term_string}"},"query-input":{"@type":"PropertyValueSpecification","valueRequired":true,"valueName":"search_term_string"}}],"inLanguage":"en-US"},{"@type":"Organization","@id":"https:\/\/udsenterprise.com\/en\/#organization","name":"UDS Enterprise","alternateName":"UDS Enterprise","url":"https:\/\/udsenterprise.com\/en\/","logo":{"@type":"ImageObject","inLanguage":"en-US","@id":"https:\/\/udsenterprise.com\/en\/#\/schema\/logo\/image\/","url":"https:\/\/udsenterprise.com\/wp-content\/uploads\/2023\/05\/img-logotipo-top-00-udsenterprise.jpg","contentUrl":"https:\/\/udsenterprise.com\/wp-content\/uploads\/2023\/05\/img-logotipo-top-00-udsenterprise.jpg","width":300,"height":202,"caption":"UDS Enterprise"},"image":{"@id":"https:\/\/udsenterprise.com\/en\/#\/schema\/logo\/image\/"},"sameAs":["https:\/\/x.com\/VirtualCable_","https:\/\/es.linkedin.com\/company\/virtualcable","https:\/\/www.youtube.com\/@UDSEnterprise"],"description":"Virtual Cable es una empresa espa\u00f1ola especializada en soluciones de virtualizaci\u00f3n del puesto de trabajo. Su producto estrella, UDS Enterprise, es un broker de conexiones multiplataforma que permite la administraci\u00f3n y despliegue de escritorios virtuales Windows y Linux, la virtualizaci\u00f3n de aplicaciones y el acceso remoto a equipos f\u00edsicos con sistemas operativos Windows, Linux y macOS"}]}},"_links":{"self":[{"href":"https:\/\/udsenterprise.com\/en\/wp-json\/wp\/v2\/pages\/31236","targetHints":{"allow":["GET"]}}],"collection":[{"href":"https:\/\/udsenterprise.com\/en\/wp-json\/wp\/v2\/pages"}],"about":[{"href":"https:\/\/udsenterprise.com\/en\/wp-json\/wp\/v2\/types\/page"}],"author":[{"embeddable":true,"href":"https:\/\/udsenterprise.com\/en\/wp-json\/wp\/v2\/users\/1"}],"replies":[{"embeddable":true,"href":"https:\/\/udsenterprise.com\/en\/wp-json\/wp\/v2\/comments?post=31236"}],"version-history":[{"count":5,"href":"https:\/\/udsenterprise.com\/en\/wp-json\/wp\/v2\/pages\/31236\/revisions"}],"predecessor-version":[{"id":34770,"href":"https:\/\/udsenterprise.com\/en\/wp-json\/wp\/v2\/pages\/31236\/revisions\/34770"}],"up":[{"embeddable":true,"href":"https:\/\/udsenterprise.com\/en\/wp-json\/wp\/v2\/pages\/23439"}],"wp:featuredmedia":[{"embeddable":true,"href":"https:\/\/udsenterprise.com\/en\/wp-json\/wp\/v2\/media\/30585"}],"wp:attachment":[{"href":"https:\/\/udsenterprise.com\/en\/wp-json\/wp\/v2\/media?parent=31236"}],"curies":[{"name":"wp","href":"https:\/\/api.w.org\/{rel}","templated":true}]}}